{"id":2298,"date":"2018-12-18T07:48:18","date_gmt":"2018-12-18T07:48:18","guid":{"rendered":"https:\/\/ritter.lv\/?page_id=2298"},"modified":"2024-09-29T18:00:05","modified_gmt":"2024-09-29T15:00:05","slug":"goods-delivery","status":"publish","type":"page","link":"https:\/\/ritter.lv\/en\/goods-delivery\/","title":{"rendered":"Goods delivery"},"content":{"rendered":"<p>Online Shop <u>www.ritter.<\/u>lv makes shopping as easy and simple as possible \u2013 just place an order online\u00a0 and your ordered item is on the way. The delivery usually takes about 1-3 working days in case the selected item is available from our warehouse.<\/p>\n<h3>\u00a0WWW.RITTER.LV OFFERs YOU to deliver the purchase IN 2 WAYS:<\/h3>\n<ul>\n<li><strong>1.Delivery to Omniva parcel machines in the Baltic States:<br \/>\nmake your order\u00a0 in www.ritter.lv and\u00a0 select a delivery method as\u00a0 &#8220;Delivery Omniva parcel machines&#8221; and specify your receiving point.<\/strong><\/li>\n<\/ul>\n<p>&nbsp;<\/p>\n<p><u>Choose the most convenient and closest to your residence <\/u><\/p>\n<p>&nbsp;<\/p>\n<p>The purchase is delivered within 1-3 working days after payment for the order is made.<\/p>\n<p><strong>FREE DELIVERY<\/strong> &#8211; for orders 60 EUR or more.<br \/>\nCost of delivery:<br \/>\nIn Latvia &#8211;\u00a0 2.49\u00a0 EUR<br \/>\nIn Lithuania and Estonia &#8211; 7 EUR.<\/p>\n<p>The purchase is delivered within 1-3 working days after payment for the order is made.<br \/>\nFREE DELIVERY &#8211; for orders 60 EUR or more.<br \/>\nCost of delivery:<br \/>\nIn Latvia &#8211; 2.50 EUR<br \/>\nIn Lithuania and Estonia &#8211; 7 EUR.<\/p>\n<p class=\"western\" lang=\"en-GB\"><span id=\"result_box\" class=\"short_text\" lang=\"en\"><span class=\"hps\">Search<\/span>\u00a0<span class=\"hps\">the nearest<\/span>\u00a0<span class=\"hps\">parcel machine<\/span>\u00a0<span class=\"hps\"><a title=\"Enter your address\" href=\"https:\/\/www.omniva.lv\/private\/map\" target=\"_blank\" rel=\"noopener\">here<\/a>.<\/span><\/span><\/p>\n<p class=\"western\" lang=\"en-GB\"><span lang=\"en-US\"><span id=\"result_box\" class=\"short_text\" lang=\"en\"><span class=\"hps\">Parcel<\/span>\u00a0<span class=\"hps\">machine<\/span>\u00a0<span class=\"hps\">locations<\/span>\u00a0<span class=\"hps\">in<\/span>\u00a0<span class=\"hps\">Latvia<\/span>:<\/span><\/span><\/p>\n<p>Aizkraukl\u0113, Aizput\u0113, Akn\u012bst\u0113, Aloj\u0101, Al\u016bksn\u0113, Auc\u0113, Aug\u0161l\u012bgatn\u0113, \u0100da\u017eos, Bab\u012bt\u0113, Baldon\u0113, Balo\u017eos,Balvos, Bausk\u0101, Broc\u0113nos, Carnikav\u0101, C\u0113s\u012bs, Dagd\u0101, Daugavpil\u012b, Dobel\u0113,Dundag\u0101, Elej\u0101, Engur\u0113, \u0112rg\u013cos, Grobi\u0146\u0101, Gulben\u0113, Iecav\u0101, Ik\u0161\u0137il\u0113, Il\u016bkst\u0113, In\u010dukaln\u0101,Jaunjelgav\u0101, Jaunm\u0101rup\u0113,Jaunolain\u0113, Jaunpil\u012b, Jelgav\u0101 ,J\u0113kabpil\u012b, J\u016brmal\u0101, Kandav\u0101, K\u0101rsav\u0101, Koknes\u0113,Kr\u0101slav\u0101, Kuld\u012bga, \u0136egum\u0101, \u0136ekav\u0101, Lapme\u017eciem\u0101, Lielv\u0101rd\u0113, Liep\u0101j\u0101, Limba\u017eos, L\u012bv\u0101nos, Lub\u0101n\u0101, Ludz\u0101, Madlien\u0101, Madon\u0101, M\u0101lpil\u012b, M\u0101rup\u0113, Neret\u0101, Ogr\u0113, Olain\u0113, Ozolniekos, P\u0101vilost\u0101, Pi\u0146\u0137os, P\u013cavi\u0146\u0101s, Prei\u013cos, Priekul\u0113, Ragan\u0101, R\u0113zekn\u0113, R\u012bg\u0101, Roj\u0101, Ropa\u017eos, R\u016bjien\u0101, Salacgr\u012bv\u0101, Salaspil\u012b, Sald\u016b, Saulkrastos, Siguld\u0101, Skaistkaln\u0113, Skr\u012bveros, Skrund\u0101, Smilten\u0113, Straup\u0113, Stren\u010dos, Talsos,\u00a0 Tukum\u0101, Ug\u0101l\u0113, Ulbrok\u0101, Upesciem\u0101, Valdlau\u010dos, Valk\u0101, Valmier\u0101, Vanga\u017eos, Vecpiebalg\u0101, Vecumniekos, Ventspil\u012b, Vies\u012bt\u0113, Vi\u013cak\u0101, Vi\u013c\u0101nos, Zilup\u0113.<\/p>\n<p><strong>How to receive a parcel?<\/strong><br \/>\nParcel terminals are open every day \u2013 24\/7.<\/p>\n<p>You can retrieve your parcel by entering a personal security code, which will be sent to you either by a text (SMS) or e-mail. After entering the correct code, the locker will open and you can collect your parcel.<\/p>\n<p>If you do not pick up the parcel within seven days, it will be returned to the sender. It is impossible to forward the parcel to another parcel terminal.<br \/>\nAfter receiving a notifying text or e-mail, please go to the parcel terminal you specified when placing the order.<br \/>\n1. Choose a language by using the touchscreen, and then press \u2018Receive parcel\u2019.<br \/>\n2. Enter the door code sent to you by a text or e-mail.<br \/>\n3. Pick the parcel from the locker.<br \/>\n4. Please note! Close the door and confirm that you have received the parcel by pressing \u2018Confirm\u2019 on the touchscreen.<\/p>\n<p><strong>2)\u00a0 <\/strong>It is possible to pick up your purchase at the shoe shop \u201cApavu serviss\u201d, located at 44, Stabu street, Riga . In this case delivery is free of charge.<\/p>\n<p>Goods are delivered within 1-3 working days after the full payment is made.<\/p>\n<p>Free delivery for all the purchases being collected from the shoe shop \u201cApavu serviss\u201d, located at 44, Stabu street, Riga .<\/p>\n","protected":false},"excerpt":{"rendered":"<p>Online Shop www.ritter.lv makes shopping as easy and simple as possible \u2013 just place an order online\u00a0 and your ordered item is on the way. The delivery usually takes about 1-3 working days in case the selected item is available from our warehouse. \u00a0WWW.RITTER.LV OFFERs YOU to deliver the purchase IN 2 WAYS: 1.Delivery to [&hellip;]<\/p>\n","protected":false},"author":3,"featured_media":0,"parent":0,"menu_order":0,"comment_status":"closed","ping_status":"closed","template":"","meta":{"_acf_changed":false,"footnotes":""},"class_list":["post-2298","page","type-page","status-publish","hentry"],"acf":[],"aioseo_notices":[],"_links":{"self":[{"href":"https:\/\/ritter.lv\/en\/wp-json\/wp\/v2\/pages\/2298","targetHints":{"allow":["GET"]}}],"collection":[{"href":"https:\/\/ritter.lv\/en\/wp-json\/wp\/v2\/pages"}],"about":[{"href":"https:\/\/ritter.lv\/en\/wp-json\/wp\/v2\/types\/page"}],"author":[{"embeddable":true,"href":"https:\/\/ritter.lv\/en\/wp-json\/wp\/v2\/users\/3"}],"replies":[{"embeddable":true,"href":"https:\/\/ritter.lv\/en\/wp-json\/wp\/v2\/comments?post=2298"}],"version-history":[{"count":7,"href":"https:\/\/ritter.lv\/en\/wp-json\/wp\/v2\/pages\/2298\/revisions"}],"predecessor-version":[{"id":7117,"href":"https:\/\/ritter.lv\/en\/wp-json\/wp\/v2\/pages\/2298\/revisions\/7117"}],"wp:attachment":[{"href":"https:\/\/ritter.lv\/en\/wp-json\/wp\/v2\/media?parent=2298"}],"curies":[{"name":"wp","href":"https:\/\/api.w.org\/{rel}","templated":true}]}}