{"id":2801,"date":"2019-02-14T13:24:35","date_gmt":"2019-02-14T11:24:35","guid":{"rendered":"https:\/\/ritter.lv\/?page_id=2801"},"modified":"2025-06-17T11:08:58","modified_gmt":"2025-06-17T08:08:58","slug":"services","status":"publish","type":"page","link":"https:\/\/ritter.lv\/en\/services\/","title":{"rendered":"ELITE SHOES REPAIR SERVICES IN RIGA"},"content":{"rendered":"\r\n<p data-start=\"83\" data-end=\"150\"><strong data-start=\"83\" data-end=\"150\">\u201cApavu Serviss\u201d \u2013 professional shoe repair in the heart of Riga<\/strong><\/p>\r\n<p data-start=\"152\" data-end=\"391\">Welcome to <strong data-start=\"163\" data-end=\"180\">Apavu Serviss<\/strong> \u2013 the workshop where your shoes regain their original elegance, comfort, and charm! We are located <strong data-start=\"280\" data-end=\"325\">in the center of Riga, at Stabu Street 44<\/strong>, with convenient access and nearby city parking (R\u012bgas satiksme).<\/p>\r\n<p data-start=\"393\" data-end=\"591\">\ud83d\udd27 <strong data-start=\"396\" data-end=\"444\">We provide high-quality shoe repair services<\/strong>, trusted by luxury brands such as <strong data-start=\"479\" data-end=\"580\">Herm\u00e8s, Gucci, Chanel, Loro Piana, Dolce &amp; Gabbana, Max Mara, Nike, UGG, Ecco, Lloyd, Birkenstock<\/strong>, and more.<\/p>\r\n<hr data-start=\"593\" data-end=\"596\" \/>\r\n<h3 data-start=\"598\" data-end=\"625\">\u2705 Our services include:<\/h3>\r\n<ul data-start=\"626\" data-end=\"893\">\r\n<li data-start=\"626\" data-end=\"665\">\r\n<p data-start=\"628\" data-end=\"665\">Heel and sole protector replacement<\/p>\r\n<\/li>\r\n<li data-start=\"666\" data-end=\"703\">\r\n<p data-start=\"668\" data-end=\"703\">Shoe gluing and sole reattachment<\/p>\r\n<\/li>\r\n<li data-start=\"704\" data-end=\"725\">\r\n<p data-start=\"706\" data-end=\"725\">Stitching repairs<\/p>\r\n<\/li>\r\n<li data-start=\"726\" data-end=\"760\">\r\n<p data-start=\"728\" data-end=\"760\">Rubber replacement for buckles<\/p>\r\n<\/li>\r\n<li data-start=\"761\" data-end=\"807\">\r\n<p data-start=\"763\" data-end=\"807\">Tape, insole, and arch support replacement<\/p>\r\n<\/li>\r\n<li data-start=\"808\" data-end=\"831\">\r\n<p data-start=\"810\" data-end=\"831\">Heel counter repair<\/p>\r\n<\/li>\r\n<li data-start=\"832\" data-end=\"870\">\r\n<p data-start=\"834\" data-end=\"870\">Boot shaft shortening or narrowing<\/p>\r\n<\/li>\r\n<li data-start=\"832\" data-end=\"870\">\r\n<p data-start=\"834\" data-end=\"870\">Zipper replacement<\/p>\r\n<\/li>\r\n<li data-start=\"832\" data-end=\"870\"><hr data-start=\"895\" data-end=\"898\" \/>\r\n<p data-start=\"900\" data-end=\"1148\">\ud83c\udfaf <strong data-start=\"903\" data-end=\"944\">We specialize in non-standard repairs<\/strong> \u2013 offering a personalized approach to each client. Prices are determined after inspection. Completion time depends on workload and material availability. An urgency surcharge applies for express repairs.<\/p>\r\n<p data-start=\"1150\" data-end=\"1245\">\ud83d\udc5e <strong data-start=\"1153\" data-end=\"1198\">Trust your shoes to skilled professionals<\/strong> \u2013 extend their life with expert craftsmanship!<\/p>\r\n<p data-start=\"1247\" data-end=\"1402\">\ud83d\udccd Visit us at Stabu iela 44, Riga<br data-start=\"1281\" data-end=\"1284\" \/>\ud83d\udcf1 Learn more at: <a class=\"\" href=\"http:\/\/www.ritter.lv\" target=\"_new\" rel=\"noopener\" data-start=\"1302\" data-end=\"1315\">www.ritter.lv<\/a> \/\u00a0<\/p>\r\n<\/li>\r\n<li data-start=\"832\" data-end=\"870\">\r\n<div><a href=\"http:\/\/www.facebook.com\/ritter.apavuserviss\" target=\"_blank\" rel=\"noopener\" data-saferedirecturl=\"https:\/\/www.google.com\/url?q=http:\/\/www.facebook.com\/ritter.apavuserviss&amp;source=gmail&amp;ust=1749907665658000&amp;usg=AOvVaw30_jBX4IRe0OtKpipt_nuZ\">www.facebook.com\/ritter.<wbr \/>apavuserviss<\/a>\u00a0<\/div>\r\n<div><a href=\"http:\/\/www.instagram.com\/ritter.apavuserviss\" target=\"_blank\" rel=\"noopener\" data-saferedirecturl=\"https:\/\/www.google.com\/url?q=http:\/\/www.instagram.com\/ritter.apavuserviss&amp;source=gmail&amp;ust=1749907665658000&amp;usg=AOvVaw0RZsG_KyEIO-2OE_Odf-8m\">www.instagram.com\/ritter.<wbr \/>apavuserviss<\/a><\/div>\r\n<p data-start=\"1247\" data-end=\"1402\"><br data-start=\"1342\" data-end=\"1345\" \/>\ud83d\udce6 Shoe repairs also accepted via Omniva parcel delivery!<\/p>\r\n<\/li>\r\n<\/ul>\r\n<p>&nbsp;<\/p>\r\n<p>\u00a0 \u00a0 \u00a0 \u00a0 <img decoding=\"async\" src=\"https:\/\/videos.openai.com\/vg-assets\/assets%2Ftask_01jxmqqd9qfqyarz7se8x0sytn%2F1749821528_img_0.webp?st=2025-06-13T12%3A33%3A42Z&amp;se=2025-06-19T13%3A33%3A42Z&amp;sks=b&amp;skt=2025-06-13T12%3A33%3A42Z&amp;ske=2025-06-19T13%3A33%3A42Z&amp;sktid=a48cca56-e6da-484e-a814-9c849652bcb3&amp;skoid=3d249c53-07fa-4ba4-9b65-0bf8eb4ea46a&amp;skv=2019-02-02&amp;sv=2018-11-09&amp;sr=b&amp;sp=r&amp;spr=https%2Chttp&amp;sig=xP7kM%2BvhcTxk8moOB7heg8d1zmIv0nUTYOQ963WmTxA%3D&amp;az=oaivgprodscus\" \/><\/p>\r\n\r\n\r\n\r\n<h3 data-start=\"102\" data-end=\"141\"><strong data-start=\"111\" data-end=\"141\">Bag Repair and Restoration<\/strong><\/h3>\r\n<p data-start=\"143\" data-end=\"504\"><strong data-start=\"143\" data-end=\"160\">Apavu Serviss<\/strong> offers high-quality bag repair and restoration trusted by world-renowned brands such as <strong data-start=\"249\" data-end=\"370\">Chanel, Dolce &amp; Gabbana, Dior, LeParmentier Paris, LAETITIA, The KOOPLES Paris, Louis Vuitton, Fendi, Herm\u00e8s, Miu Miu<\/strong>. Our experienced craftsmen carry out various repair works to restore the original appearance and functionality of your favorite bags.<\/p>\r\n<h4 data-start=\"506\" data-end=\"532\">Our services include:<\/h4>\r\n<ul data-start=\"533\" data-end=\"970\">\r\n<li data-start=\"533\" data-end=\"602\">\r\n<p data-start=\"535\" data-end=\"602\"><strong data-start=\"535\" data-end=\"556\">Clasp replacement<\/strong> \u2013 Installation of new, durable metal clasps<\/p>\r\n<\/li>\r\n<li data-start=\"603\" data-end=\"677\">\r\n<p data-start=\"605\" data-end=\"677\"><strong data-start=\"605\" data-end=\"638\">Zipper repair and replacement<\/strong> \u2013 Fixing or replacing broken zippers<\/p>\r\n<\/li>\r\n<li data-start=\"678\" data-end=\"760\">\r\n<p data-start=\"680\" data-end=\"760\"><strong data-start=\"680\" data-end=\"698\">Sewing repairs<\/strong> \u2013 Restoring the bag\u2019s structure with professional stitching<\/p>\r\n<\/li>\r\n<li data-start=\"761\" data-end=\"838\">\r\n<p data-start=\"763\" data-end=\"838\"><strong data-start=\"763\" data-end=\"778\">Restoration<\/strong> \u2013 Bringing back the original look using premium materials<\/p>\r\n<\/li>\r\n<li data-start=\"839\" data-end=\"907\">\r\n<p data-start=\"841\" data-end=\"907\"><strong data-start=\"841\" data-end=\"858\">Handle repair<\/strong> \u2013 Repairing or reinforcing damaged bag handles<\/p>\r\n<\/li>\r\n<li data-start=\"908\" data-end=\"970\">\r\n<p data-start=\"910\" data-end=\"970\"><strong data-start=\"910\" data-end=\"931\">Rivet replacement<\/strong> \u2013 Replacing damaged or worn-out rivets<\/p>\r\n<\/li>\r\n<\/ul>\r\n<p data-start=\"972\" data-end=\"1060\"><strong data-start=\"972\" data-end=\"1060\">Entrust your bags to us \u2013 we\u2019ll ensure they look beautiful and serve you well again!<\/strong><\/p>\r\n<p data-start=\"972\" data-end=\"1060\">\u00a0<\/p>\r\n<p>&nbsp;<\/p>\r\n\r\n\r\n\r\n<h3 data-start=\"124\" data-end=\"193\"><strong data-start=\"133\" data-end=\"193\">Leather Dyeing Services \u2013 Give Your Favorites a New Life<\/strong><\/h3>\r\n<p data-start=\"195\" data-end=\"452\">At <strong data-start=\"198\" data-end=\"215\">Apavu Serviss<\/strong>, we offer <strong data-start=\"226\" data-end=\"266\">high-quality leather dyeing services<\/strong> to breathe new life into your favorite items. We dye shoes, bags, wallets, belts, gloves, and leather clothing made from <strong data-start=\"388\" data-end=\"451\">smooth leather, suede, nubuck, eco-leather, and even fabric<\/strong>.<\/p>\r\n<hr data-start=\"454\" data-end=\"457\" \/>\r\n<h4 data-start=\"459\" data-end=\"490\">\ud83c\udfa8 <strong data-start=\"467\" data-end=\"490\">Our Dyeing Process:<\/strong><\/h4>\r\n<p data-start=\"491\" data-end=\"739\">Each item is <strong data-start=\"504\" data-end=\"538\">carefully cleaned and prepared<\/strong> before dyeing to ensure even and long-lasting color. Every piece is dyed in <strong data-start=\"615\" data-end=\"634\">multiple layers<\/strong> for best results. Standard processing time is <strong data-start=\"681\" data-end=\"701\">at least 2 weeks<\/strong>, depending on material and condition.<\/p>\r\n<h4>Used Dyes<\/h4>\r\n<p>We use\u00a0<a href=\"https:\/\/www.tarrago.com\/\"><strong>Tarrago<\/strong><\/a>\u00a0dyes, known for their quality since 1940. We offer a wide range of shades, and if necessary, we mix dyes to achieve a tone close to the original.<\/p>\r\n<h4>Consultations and Tips<\/h4>\r\n<p>If you want to dye or touch up your leather goods yourself, we offer consultations and <a href=\"https:\/\/ritter.lv\/en\/dyeing-and-changing-the-color-of-the-leather-with-tarrago-color-dye\/\">tips<\/a> on how to do it correctly.<\/p>\r\n<h3 data-start=\"746\" data-end=\"778\">\ud83c\udf3f <strong data-start=\"753\" data-end=\"778\">Zero Waste Philosophy<\/strong><\/h3>\r\n<p data-start=\"779\" data-end=\"920\">We believe in <strong data-start=\"793\" data-end=\"819\">second and third lives<\/strong> for every product. That\u2019s why we clean, restore, touch up, or completely recolor your leather goods.<\/p>\r\n<p data-start=\"922\" data-end=\"970\"><strong data-start=\"922\" data-end=\"970\">Less waste. More style. Sustainable choices.<\/strong><\/p>\r\n<p>\u00a0 \u00a0 \u00a0 \u00a0 <img decoding=\"async\" src=\"https:\/\/videos.openai.com\/vg-assets\/assets%2Ftask_01jxmt4rw2ffktfc9nv166zp0e%2F1749824061_img_1.webp?st=2025-06-13T12%3A33%3A28Z&amp;se=2025-06-19T13%3A33%3A28Z&amp;sks=b&amp;skt=2025-06-13T12%3A33%3A28Z&amp;ske=2025-06-19T13%3A33%3A28Z&amp;sktid=a48cca56-e6da-484e-a814-9c849652bcb3&amp;skoid=3d249c53-07fa-4ba4-9b65-0bf8eb4ea46a&amp;skv=2019-02-02&amp;sv=2018-11-09&amp;sr=b&amp;sp=r&amp;spr=https%2Chttp&amp;sig=kGvAEtN0eQlaYNDjl388Bc9Ca6IOw%2BOzfrkn2cbnzs8%3D&amp;az=oaivgprodscus\" alt=\"Generated image\" \/><\/p>\r\n\r\n\r\n\r\n<ul>\r\n<li>\r\n<h3 data-start=\"114\" data-end=\"141\"><strong data-start=\"123\" data-end=\"141\">Why Choose Us?<\/strong><\/h3>\r\n<p data-start=\"143\" data-end=\"726\">\u2705 <strong data-start=\"145\" data-end=\"170\">Professional approach<\/strong> \u2013 our team is trained and experienced in working with various materials and brands, ensuring perfect results down to the smallest detail.<br data-start=\"308\" data-end=\"311\" \/>\u2705 <strong data-start=\"313\" data-end=\"346\">Top-quality cleaning products<\/strong> \u2013 we use only professional, leather- and fabric-friendly products from trusted brands like <strong data-start=\"438\" data-end=\"448\">Saphir<\/strong>, <strong data-start=\"450\" data-end=\"461\">Tarrago<\/strong>, \u00a0and more.<br data-start=\"486\" data-end=\"489\" \/>\u2705 <strong data-start=\"491\" data-end=\"521\">Fast and efficient service<\/strong> \u2013 we ensure your shoes and bags are ready for use as quickly as possible.<br data-start=\"595\" data-end=\"598\" \/>\u2705 <strong data-start=\"600\" data-end=\"624\">Personalized service<\/strong> \u2013 each item is individually assessed, and we offer the best solution tailored to your specific needs.<\/p>\r\n<p data-start=\"728\" data-end=\"854\">\ud83d\udcb6 <strong data-start=\"731\" data-end=\"765\">Cleaning prices start from \u20ac20<\/strong><br data-start=\"765\" data-end=\"768\" \/>\ud83d\udd52 <strong data-start=\"771\" data-end=\"805\">Turnaround time \u2013 from 2 weeks<\/strong>, depending on the item\u2019s material and condition.<\/p>\r\n<p><div class=\"grand-notice\">Please accept marketing-cookies to watch this video. <a href=\"#\" class=\"grand-cookie-link\" target=\"_blank\">Learn more<\/a><\/div><iframe title=\"Apavu, somu t\u012br\u012b\u0161ana  un kr\u0101so\u0161ana ,,Apavu serviss&quot; R\u012bga\" width=\"500\" height=\"281\" data-src=\"https:\/\/www.youtube.com\/embed\/URRVlsqUe_M?feature=oembed\" frameborder=\"0\" allow=\"accelerometer; autoplay; clipboard-write; encrypted-media; gyroscope; picture-in-picture; web-share\" referrerpolicy=\"strict-origin-when-cross-origin\" allowfullscreen><\/iframe><\/p>\r\n\u00a0 \u00a0 \u00a0 \u00a0 \u00a0 \u00a0 \u00a0 \u00a0 \u00a0 \u00a0 \u00a0 \u00a0 \u00a0 \u00a0 \u00a0 \u00a0<\/li>\r\n<\/ul>\r\n\r\n\r\n\r\n<p>Shoe stretching.<\/p>\r\n","protected":false},"excerpt":{"rendered":"<p>\u201cApavu Serviss\u201d \u2013 professional shoe repair in the heart of Riga Welcome to Apavu Serviss \u2013 the workshop where your shoes regain their original elegance, comfort, and charm! We are located in the center of Riga, at Stabu Street 44, with convenient access and nearby city parking (R\u012bgas satiksme). \ud83d\udd27 We provide high-quality shoe repair [&hellip;]<\/p>\n","protected":false},"author":1,"featured_media":7665,"parent":0,"menu_order":0,"comment_status":"closed","ping_status":"closed","template":"","meta":{"_acf_changed":false,"footnotes":""},"class_list":["post-2801","page","type-page","status-publish","has-post-thumbnail","hentry"],"acf":[],"aioseo_notices":[],"_links":{"self":[{"href":"https:\/\/ritter.lv\/en\/wp-json\/wp\/v2\/pages\/2801","targetHints":{"allow":["GET"]}}],"collection":[{"href":"https:\/\/ritter.lv\/en\/wp-json\/wp\/v2\/pages"}],"about":[{"href":"https:\/\/ritter.lv\/en\/wp-json\/wp\/v2\/types\/page"}],"author":[{"embeddable":true,"href":"https:\/\/ritter.lv\/en\/wp-json\/wp\/v2\/users\/1"}],"replies":[{"embeddable":true,"href":"https:\/\/ritter.lv\/en\/wp-json\/wp\/v2\/comments?post=2801"}],"version-history":[{"count":13,"href":"https:\/\/ritter.lv\/en\/wp-json\/wp\/v2\/pages\/2801\/revisions"}],"predecessor-version":[{"id":7655,"href":"https:\/\/ritter.lv\/en\/wp-json\/wp\/v2\/pages\/2801\/revisions\/7655"}],"wp:featuredmedia":[{"embeddable":true,"href":"https:\/\/ritter.lv\/en\/wp-json\/wp\/v2\/media\/7665"}],"wp:attachment":[{"href":"https:\/\/ritter.lv\/en\/wp-json\/wp\/v2\/media?parent=2801"}],"curies":[{"name":"wp","href":"https:\/\/api.w.org\/{rel}","templated":true}]}}