{"id":2295,"date":"2018-12-18T07:46:06","date_gmt":"2018-12-18T07:46:06","guid":{"rendered":"https:\/\/ritter.lv\/?page_id=2295"},"modified":"2024-09-29T18:01:05","modified_gmt":"2024-09-29T15:01:05","slug":"%d0%b4%d0%be%d1%81%d1%82%d0%b0%d0%b2%d0%ba%d0%b0-%d1%82%d0%be%d0%b2%d0%b0%d1%80%d0%b0","status":"publish","type":"page","link":"https:\/\/ritter.lv\/ru\/%d0%b4%d0%be%d1%81%d1%82%d0%b0%d0%b2%d0%ba%d0%b0-%d1%82%d0%be%d0%b2%d0%b0%d1%80%d0%b0\/","title":{"rendered":"\u0414\u043e\u0441\u0442\u0430\u0432\u043a\u0430 \u0442\u043e\u0432\u0430\u0440\u0430"},"content":{"rendered":"<div class=\"page-title\">\n<h1>\u0414\u043e\u0441\u0442\u0430\u0432\u043a\u0430 \u0442\u043e\u0432\u0430\u0440\u0430<\/h1>\n<\/div>\n<div class=\"std\">\n<p>\u0418\u043d\u0442\u0435\u0440\u043d\u0435\u0442 \u043c\u0430\u0433\u0430\u0437\u0438\u043d <a href=\"http:\/\/www.ritter.lv\/\">www.ritter.lv<\/a>\u00a0 \u043f\u043e\u043a\u0443\u043f\u0430\u0442\u044c\u00a0 \u043c\u0430\u043a\u0441\u0438\u043c\u0430\u043b\u044c\u043d\u043e \u043f\u0440\u043e\u0441\u0442\u043e\u0439 \u0438 \u0443\u0434\u043e\u0431\u043d\u043e\u0439 \u2013 \u0437\u0430\u043a\u0430\u0436\u0438\u0442\u0435 \u0442\u043e\u0432\u0430\u0440 \u0432 \u0438\u043d\u0442\u0435\u0440\u043d\u0435\u0442\u0435, \u043e\u043f\u043b\u0430\u0442\u0438 \u0437\u0430\u043a\u0430\u0437\u0430\u043d\u043d\u044b\u0439 \u0442\u043e\u0432\u0430\u0440\u00a0 \u0438 \u0437\u0430\u043a\u0430\u0437\u0430\u043d\u043d\u044b\u0439 \u0412\u0430\u043c\u0438 \u0442\u043e\u0432\u0430\u0440 \u0443\u0436\u0435 \u0432 \u043f\u0443\u0442\u0438 \u2013 \u043c\u044b \u0434\u043e\u0441\u0442\u0430\u0432\u0438\u043c \u0435\u0433\u043e \u0412\u0430\u043c \u0432 \u0442\u0435\u0447\u0435\u043d\u0438\u0438 1-3 \u0440\u0430\u0431\u043e\u0447\u0438\u0445 \u0434\u043d\u0435\u0439, \u0442\u043e\u0432\u0430\u0440 \u043d\u0430\u0445\u043e\u0434\u0438\u0442\u0441\u044f \u043d\u0430 \u043d\u0430\u0448\u0435\u043c \u0441\u043a\u043b\u0430\u0434\u0435.<\/p>\n<p><strong>WWW.RITTER.LV \u041f\u0420\u0415\u0414\u041b\u0410\u0413\u0410\u0415\u0422 2 \u0412\u0410\u0420\u0418\u0410\u041d\u0422\u0410 \u041f\u041e\u041b\u0423\u0427\u0415\u041d\u0418\u042f \u0422\u041e\u0412\u0410\u0420\u0410:<\/strong><\/p>\n<p><strong>1) \u0414\u043e\u0441\u0442\u0430\u0432\u043a\u0430 \u0442\u043e\u0432\u0430\u0440\u043e\u0432 \u043d\u0430 \u043f\u0430\u043a\u043e\u043c\u0430\u0442\u043e\u0432 OMNIVA \u043f\u043e \u0432\u0441\u0435\u0439 \u0411\u0430\u043b\u0442\u0438\u0438:<\/strong><br \/>\n\u041e\u0444\u043e\u0440\u043c\u0438\u0442\u0435 \u0437\u0430\u043a\u0430\u0437 www.ritter.lv \u0438 \u0432\u0438\u0434 \u0434\u043e\u0441\u0442\u0430\u0432\u043a\u0438 \u0443\u043a\u0430\u0436\u0438\u0442\u0435 &#8220;\u041f\u043e\u0441\u0442\u0430\u0432\u043a\u0430 Omniva \u043f\u0430\u043a\u043e\u043c\u0430\u0442&#8221; \u0441 \u0443\u043a\u0430\u0437\u0430\u043d\u0438\u0435\u043c \u0436\u0435\u043b\u0430\u0435\u043c\u043e\u0433\u043e \u043f\u0443\u043d\u043a\u0442\u0430 \u043f\u043e\u043b\u0443\u0447\u0435\u043d\u0438\u044f<\/p>\n<\/div>\n<p><span id=\"result_box\" class=\"short_text\" lang=\"ru\"><span class=\"hps\">\u041f\u043e\u0438\u0441\u043a<\/span>\u00a0<span class=\"hps\">\u0432 \u0431\u043b\u0438\u0436\u0430\u0439\u0448\u0438\u0439<\/span>\u00a0<span class=\"hps\">\u043f\u0430\u043a\u043e\u043c\u0430\u0442<\/span>\u00a0<a title=\"\u0412\u0432\u0435\u0434\u0438\u0442\u0435 \u0432\u0430\u0448 \u0430\u0434\u0440\u0435\u0441\" href=\"https:\/\/www.omniva.lv\/chastnyj\/adresa_posylochnyh_avtomatov\" target=\"_blank\" rel=\"noopener\"><span class=\"hps\">\u0437\u0434\u0435\u0441\u044c<\/span><\/a>.<\/span><\/p>\n<p>\u041f\u041e\u041b\u0423\u0427\u0415\u041d\u0418\u042f \u0422\u041e\u0412\u0410\u0420\u0410 1-3 \u0420\u0410\u0411\u041e\u0427\u0418\u0425 \u0414\u041d\u042f (\u0415\u0421\u041b\u0418 \u0422\u041e\u0412\u0410\u0420 \u0414\u041e\u0421\u0422\u0423\u041f\u0415\u041d) \u0421 \u041c\u041e\u041c\u0415\u041d\u0422\u0410 \u041e\u041f\u041b\u0410\u0422\u042b \u0417\u0410\u041a\u0410\u0417\u0410.<br \/>\n\u0415\u0441\u043b\u0438 \u0441\u0443\u043c\u043c\u0430 \u0432\u0441\u0435\u0433\u043e \u0437\u0430\u043a\u0430\u0437\u0430 \u043f\u0440\u0435\u0432\u044b\u0448\u0430\u0435\u0442 60 Euro \u2013 \u0434\u043e\u0441\u0442\u0430\u0432\u043a\u0430 \u0431\u0435\u0441\u043f\u043b\u0430\u0442\u043d\u0430.<br \/>\n\u041f\u043b\u0430\u0442\u0430 \u0437\u0430 \u0434\u043e\u0441\u0442\u0430\u0432\u043a\u0443 \u0442\u043e\u0432\u0430\u0440a:<br \/>\n\u041b\u0430\u0442\u0432\u0438\u044f \u2013 2,49 EUR;<br \/>\n\u041b\u0438\u0442\u0432\u0430, \u042d\u0441\u0442\u043e\u043d\u0438\u044f \u2013 7 EUR.<\/p>\n<p>&nbsp;<\/p>\n<p><strong>\u041c\u0435\u0441\u0442\u043e\u043d\u0430\u0445\u043e\u0436\u0434\u0435\u043d\u0438\u044f \u043f\u0430\u043a\u043e\u043c\u0430\u0442\u043e\u0432 \u0432 \u041b\u0430\u0442\u0432\u0438\u0438:<\/strong><\/p>\n<p>Omniva \u043f\u0430\u043a\u043e\u043c\u0430\u0442\u044b \u0435\u0441\u0442\u044c \u0432 \u0431\u043e\u043b\u044c\u0448\u0438\u043d\u0441\u0442\u0432\u0435 \u0433\u043e\u0440\u043e\u0434\u043e\u0432 \u041b\u0430\u0442\u0432\u0438\u0438: Aizkraukl\u0113, Aizput\u0113, Akn\u012bst\u0113, Aloj\u0101, Al\u016bksn\u0113, Auc\u0113, Aug\u0161l\u012bgatn\u0113, \u0100da\u017eos, Bab\u012bt\u0113, Baldon\u0113, Balo\u017eos,Balvos, Bausk\u0101, Broc\u0113nos, Carnikav\u0101, C\u0113s\u012bs, Dagd\u0101, Daugavpil\u012b, Dobel\u0113,Dundag\u0101, Elej\u0101, Engur\u0113, \u0112rg\u013cos, Grobi\u0146\u0101, Gulben\u0113, Iecav\u0101, Ik\u0161\u0137il\u0113, Il\u016bkst\u0113, In\u010dukaln\u0101,Jaunjelgav\u0101, Jaunm\u0101rup\u0113,Jaunolain\u0113, Jaunpil\u012b, Jelgav\u0101 ,J\u0113kabpil\u012b, J\u016brmal\u0101, Kandav\u0101, K\u0101rsav\u0101, Koknes\u0113,Kr\u0101slav\u0101, Kuld\u012bga, \u0136egum\u0101, \u0136ekav\u0101, Lapme\u017eciem\u0101, Lielv\u0101rd\u0113, Liep\u0101j\u0101, Limba\u017eos, L\u012bv\u0101nos, Lub\u0101n\u0101, Ludz\u0101, Madlien\u0101, Madon\u0101, M\u0101lpil\u012b, M\u0101rup\u0113, Neret\u0101, Ogr\u0113, Olain\u0113, Ozolniekos, P\u0101vilost\u0101, Pi\u0146\u0137os, P\u013cavi\u0146\u0101s, Prei\u013cos, Priekul\u0113, Ragan\u0101, R\u0113zekn\u0113, R\u012bg\u0101, Roj\u0101, Ropa\u017eos, R\u016bjien\u0101, Salacgr\u012bv\u0101, Salaspil\u012b, Sald\u016b, Saulkrastos, Siguld\u0101, Skaistkaln\u0113, Skr\u012bveros, Skrund\u0101, Smilten\u0113, Straup\u0113, Stren\u010dos, Talsos,\u00a0 Tukum\u0101, Ug\u0101l\u0113, Ulbrok\u0101, Upesciem\u0101, Valdlau\u010dos, Valk\u0101, Valmier\u0101, Vanga\u017eos, Vecpiebalg\u0101, Vecumniekos, Ventspil\u012b, Vies\u012bt\u0113, Vi\u013cak\u0101, Vi\u013c\u0101nos, Zilup\u0113.<\/p>\n<p>&nbsp;<\/p>\n<p><strong>\u041a\u0430\u043a \u043f\u043e\u043b\u0443\u0447\u0438\u0442\u044c \u043f\u043e\u0441\u044b\u043b\u043a\u0443?<\/strong><br \/>\n\u041f\u043e\u043b\u0443\u0447\u0438\u0442\u044c \u043f\u043e\u0441\u044b\u043b\u043a\u0443 \u0432 \u043f\u043e\u0441\u044b\u043b\u043e\u0447\u043d\u043e\u043c \u043f\u0430\u043a\u043e\u043c\u0430\u0442\u0435 \u043f\u0440\u0435\u0434\u0435\u043b\u044c\u043d\u043e \u043f\u0440\u043e\u0441\u0442\u043e \u0438 \u044d\u0442\u043e \u0437\u0430\u043d\u0438\u043c\u0430\u0435\u0442 \u0432\u0441\u0435\u0433\u043e 15 \u0441\u0435\u043a\u0443\u043d\u0434:<br \/>\n\u041a\u043e\u0433\u0434\u0430 \u0437\u0430\u043a\u0430\u0437\u0430\u043d\u043d\u044b\u0439 \u0412\u0430\u043c\u0438 \u043f\u043e\u0441\u044b\u043b\u043a\u0430 \u0431\u0443\u0434\u0435\u0442 \u0434\u043e\u0441\u0442\u0430\u0432\u043b\u0435\u043da \u0432 \u0443\u043a\u0430\u0437\u0430\u043d\u043d\u044b\u0439 \u043f\u0443\u043d\u043a\u0442 Omniva, \u0432\u044b \u043f\u043e\u043b\u0443\u0447\u0438\u0442\u0435 SMS \u0441\u043e\u043e\u0431\u0449\u0435\u043d\u0438\u0435 \u0441 \u043a\u043e\u0434\u043e\u043c, \u043a\u043e\u0442\u043e\u0440\u044b\u0439 \u043d\u0443\u0436\u043d\u043e \u0432\u0432\u0435\u0441\u0442\u0438 \u0432 \u043f\u0430\u043a\u043e\u043c\u0430\u0442;<br \/>\n\u041f\u043e\u043b\u0443\u0447\u0438\u0432 \u043f\u043e SMS\/\u044d-\u043f\u043e\u0447\u0442\u0435 \u0443\u0432\u0435\u0434\u043e\u043c\u043b\u0435\u043d\u0438\u0435, \u043e\u0442\u043f\u0440\u0430\u0432\u043b\u044f\u0439\u0442\u0435\u0441\u044c \u043a \u043f\u0430\u043a\u043e\u043c\u0430\u0442\u0443;<br \/>\n\u041f\u0440\u0438\u043a\u043e\u0441\u043d\u043e\u0432\u0435\u043d\u0438\u0435\u043c \u0432\u044b\u0431\u0435\u0440\u0438\u0442\u0435 \u043d\u0430 \u044d\u043a\u0440\u0430\u043d\u0435 \u044f\u0437\u044b\u043a, \u0437\u0430\u0442\u0435\u043c \u0432 \u043c\u0435\u043d\u044e\u00ab\u041f\u0440\u0438\u0435\u043c \u043f\u043e\u0441\u044b\u043b\u043a\u0438\u00bb;<br \/>\n\u0412\u0432\u0435\u0434\u0438\u0442\u0435 \u043d\u0430 \u044d\u043a\u0440\u0430\u043d\u0435 \u043a\u043e\u0434 \u044f\u0447\u0435\u0439\u043a\u0438, \u043f\u043e\u043b\u0443\u0447\u0435\u043d\u043d\u044b\u0439 \u043f\u043e SMS\/\u044d-\u043f\u043e\u0447\u0442\u0435;<br \/>\n\u0417\u0430\u0431\u0435\u0440\u0438\u0442\u0435 \u043f\u043e\u0441\u044b\u043b\u043a\u0443 \u0438\u0437 \u043e\u0442\u043a\u0440\u044b\u0432\u0448\u0435\u0439\u0441\u044f \u044f\u0447\u0435\u0439\u043a\u0438;<br \/>\nNB! \u0417\u0430\u043a\u0440\u043e\u0439\u0442\u0435 \u0434\u0432\u0435\u0440\u0446\u0443 \u0438 \u043f\u043e\u0434\u0442\u0432\u0435\u0440\u0434\u0438\u0442\u0435 \u043f\u043e\u043b\u0443\u0447\u0435\u043d\u0438\u0435 \u043d\u0430\u0436\u0430\u0442\u0438\u0435\u043c \u043d\u0430 \u044d\u043a\u0440\u0430\u043d\u0435 \u043a\u043d\u043e\u043f\u043a\u0438\u00ab\u041f\u043e\u0434\u0442\u0432\u0435\u0440\u0436\u0434\u0430\u044e\u00bb;<br \/>\n\u041f\u0440\u0438 \u0436\u0435\u043b\u0430\u043d\u0438\u0438 \u0440\u0430\u0441\u043f\u0435\u0447\u0430\u0442\u0430\u0439\u0442\u0435 \u043a\u0432\u0438\u0442\u0430\u043d\u0446\u0438\u044e.<br \/>\n\u0421\u0440\u043e\u043a \u0445\u0440\u0430\u043d\u0435\u043d\u0438\u044f \u043f\u043e\u0441\u044b\u043b\u043e\u043a<br \/>\n\u0412 \u043f\u043e\u0441\u044b\u043b\u043e\u0447\u043d\u043e\u043c \u043f\u0430\u043a\u043e\u043c\u0430\u0442\u0435 \u043f\u043e\u0441\u044b\u043b\u043a\u0438 \u0445\u0440\u0430\u043d\u044f\u0442\u0441\u044f 7 \u043a\u0430\u043b\u0435\u043d\u0434\u0430\u0440\u043d\u044b\u0445 \u0434\u043d\u0435\u0439, \u041f\u0435\u0440\u0435\u0430\u0434\u0440\u0435\u0441\u0430\u0446\u0438\u044f \u043f\u043e\u0441\u044b\u043b\u043e\u043a \u0432 \u0438\u043d\u044b\u0435 \u0442\u043e\u0447\u043a\u0438 \u0432\u044b\u0434\u0430\u0447\u0438 \u043d\u0435\u0432\u043e\u0437\u043c\u043e\u0436\u043d\u0430;<br \/>\n\u0412\u044b \u043c\u043e\u0436\u0435\u0442\u0435 \u043f\u043e\u043b\u0443\u0447\u0438\u0442\u044c \u043f\u043e\u0441\u044b\u043b\u043a\u0443 24 \u0447\u0430\u0441\u0430 \u0432 \u0441\u0443\u0442\u043a\u0438.<\/p>\n<p><strong>2) <\/strong><strong>\u041f\u043e\u043b\u0443\u0447\u0435\u043d\u0438\u0435 \u0442\u043e\u0432\u0430\u0440\u0430 \u043f\u043e \u0430\u0434\u0440\u0435\u0441\u0443\u00a0 \u0443\u043b\u0438\u0446\u0430 Stabu\u00a0 44, \u0420\u0438\u0433\u0430, <\/strong><strong>\u00a0&#8220;Apavu serviss&#8221; :<\/strong><\/p>\n<p><strong>\u00a0\u00a0\u00a0\u00a0\u00a0 <\/strong><strong>\u041f\u041e\u041b\u0423\u0427\u0415\u041d\u0418\u0415 \u0412 \u0422\u0415\u0427\u0415\u041d\u0418\u0415 1-3 \u0420\u0410\u0411\u041e\u0427\u0418\u0425 \u0414\u041d\u0415\u0419 \u0421 \u0417\u0410\u041a\u0410\u0417\u0410:<\/strong><\/p>\n<p><strong>\u00a0\u00a0\u00a0\u00a0\u00a0\u00a0\u00a0\u00a0\u00a0 \u0411\u0415\u0421\u041f\u041b\u0410\u0422\u041d\u0410\u042f \u0414\u041e\u0421\u0422\u0410\u0412\u041a\u0410 \u0434\u043b\u044f \u0437\u0430\u043a\u0430\u0437\u043e\u0432, \u043a\u043e\u0442\u043e\u0440\u044b\u0435 \u0432\u044b \u0437\u0430\u0431\u0438\u0440\u0430\u0435\u0442\u0435 \u0441\u0430\u043c\u0438.<\/strong><strong><br \/>\n<\/strong><\/p>\n<p>&nbsp;<\/p>\n","protected":false},"excerpt":{"rendered":"<p>\u0414\u043e\u0441\u0442\u0430\u0432\u043a\u0430 \u0442\u043e\u0432\u0430\u0440\u0430 \u0418\u043d\u0442\u0435\u0440\u043d\u0435\u0442 \u043c\u0430\u0433\u0430\u0437\u0438\u043d www.ritter.lv\u00a0 \u043f\u043e\u043a\u0443\u043f\u0430\u0442\u044c\u00a0 \u043c\u0430\u043a\u0441\u0438\u043c\u0430\u043b\u044c\u043d\u043e \u043f\u0440\u043e\u0441\u0442\u043e\u0439 \u0438 \u0443\u0434\u043e\u0431\u043d\u043e\u0439 \u2013 \u0437\u0430\u043a\u0430\u0436\u0438\u0442\u0435 \u0442\u043e\u0432\u0430\u0440 \u0432 \u0438\u043d\u0442\u0435\u0440\u043d\u0435\u0442\u0435, \u043e\u043f\u043b\u0430\u0442\u0438 \u0437\u0430\u043a\u0430\u0437\u0430\u043d\u043d\u044b\u0439 \u0442\u043e\u0432\u0430\u0440\u00a0 \u0438 \u0437\u0430\u043a\u0430\u0437\u0430\u043d\u043d\u044b\u0439 \u0412\u0430\u043c\u0438 \u0442\u043e\u0432\u0430\u0440 \u0443\u0436\u0435 \u0432 \u043f\u0443\u0442\u0438 \u2013 \u043c\u044b \u0434\u043e\u0441\u0442\u0430\u0432\u0438\u043c \u0435\u0433\u043e \u0412\u0430\u043c \u0432 \u0442\u0435\u0447\u0435\u043d\u0438\u0438 1-3 \u0440\u0430\u0431\u043e\u0447\u0438\u0445 \u0434\u043d\u0435\u0439, \u0442\u043e\u0432\u0430\u0440 \u043d\u0430\u0445\u043e\u0434\u0438\u0442\u0441\u044f \u043d\u0430 \u043d\u0430\u0448\u0435\u043c \u0441\u043a\u043b\u0430\u0434\u0435. WWW.RITTER.LV \u041f\u0420\u0415\u0414\u041b\u0410\u0413\u0410\u0415\u0422 2 \u0412\u0410\u0420\u0418\u0410\u041d\u0422\u0410 \u041f\u041e\u041b\u0423\u0427\u0415\u041d\u0418\u042f \u0422\u041e\u0412\u0410\u0420\u0410: 1) \u0414\u043e\u0441\u0442\u0430\u0432\u043a\u0430 \u0442\u043e\u0432\u0430\u0440\u043e\u0432 \u043d\u0430 \u043f\u0430\u043a\u043e\u043c\u0430\u0442\u043e\u0432 OMNIVA \u043f\u043e \u0432\u0441\u0435\u0439 \u0411\u0430\u043b\u0442\u0438\u0438: [&hellip;]<\/p>\n","protected":false},"author":3,"featured_media":0,"parent":0,"menu_order":0,"comment_status":"closed","ping_status":"closed","template":"","meta":{"_acf_changed":false,"footnotes":""},"class_list":["post-2295","page","type-page","status-publish","hentry"],"acf":[],"aioseo_notices":[],"_links":{"self":[{"href":"https:\/\/ritter.lv\/ru\/wp-json\/wp\/v2\/pages\/2295","targetHints":{"allow":["GET"]}}],"collection":[{"href":"https:\/\/ritter.lv\/ru\/wp-json\/wp\/v2\/pages"}],"about":[{"href":"https:\/\/ritter.lv\/ru\/wp-json\/wp\/v2\/types\/page"}],"author":[{"embeddable":true,"href":"https:\/\/ritter.lv\/ru\/wp-json\/wp\/v2\/users\/3"}],"replies":[{"embeddable":true,"href":"https:\/\/ritter.lv\/ru\/wp-json\/wp\/v2\/comments?post=2295"}],"version-history":[{"count":6,"href":"https:\/\/ritter.lv\/ru\/wp-json\/wp\/v2\/pages\/2295\/revisions"}],"predecessor-version":[{"id":7118,"href":"https:\/\/ritter.lv\/ru\/wp-json\/wp\/v2\/pages\/2295\/revisions\/7118"}],"wp:attachment":[{"href":"https:\/\/ritter.lv\/ru\/wp-json\/wp\/v2\/media?parent=2295"}],"curies":[{"name":"wp","href":"https:\/\/api.w.org\/{rel}","templated":true}]}}